{"id":8783,"date":"2023-03-01T14:40:16","date_gmt":"2023-03-01T17:40:16","guid":{"rendered":"https:\/\/usmediaconsulting.com\/?page_id=8783"},"modified":"2026-04-15T17:14:35","modified_gmt":"2026-04-15T20:14:35","slug":"contacto","status":"publish","type":"page","link":"https:\/\/usmediaconsulting.com\/es\/contacto\/","title":{"rendered":"CONTACTO"},"content":{"rendered":"\t\t<div data-elementor-type=\"wp-page\" data-elementor-id=\"8783\" class=\"elementor elementor-8783 elementor-7319\" data-elementor-post-type=\"page\">\n\t\t\t\t\t\t<section class=\"elementor-section elementor-top-section elementor-element elementor-element-919c5f5 elementor-section-boxed elementor-section-height-default elementor-section-height-default\" data-id=\"919c5f5\" data-element_type=\"section\" data-e-type=\"section\" data-settings=\"{&quot;background_background&quot;:&quot;classic&quot;}\">\n\t\t\t\t\t\t<div class=\"elementor-container elementor-column-gap-default\">\n\t\t\t\t\t<div class=\"elementor-column elementor-col-100 elementor-top-column elementor-element elementor-element-b94ad7f\" data-id=\"b94ad7f\" data-element_type=\"column\" data-e-type=\"column\">\n\t\t\t<div class=\"elementor-widget-wrap elementor-element-populated\">\n\t\t\t\t\t\t<div class=\"elementor-element elementor-element-17c4b77 elementor-widget elementor-widget-spacer\" data-id=\"17c4b77\" data-element_type=\"widget\" data-e-type=\"widget\" data-widget_type=\"spacer.default\">\n\t\t\t\t<div class=\"elementor-widget-container\">\n\t\t\t\t\t\t\t<div class=\"elementor-spacer\">\n\t\t\t<div class=\"elementor-spacer-inner\"><\/div>\n\t\t<\/div>\n\t\t\t\t\t\t<\/div>\n\t\t\t\t<\/div>\n\t\t\t\t<section class=\"elementor-section elementor-inner-section elementor-element elementor-element-77092c7 elementor-section-boxed elementor-section-height-default elementor-section-height-default\" data-id=\"77092c7\" data-element_type=\"section\" data-e-type=\"section\">\n\t\t\t\t\t\t<div class=\"elementor-container elementor-column-gap-default\">\n\t\t\t\t\t<div class=\"elementor-column elementor-col-50 elementor-inner-column elementor-element elementor-element-d09dcac\" data-id=\"d09dcac\" data-element_type=\"column\" data-e-type=\"column\">\n\t\t\t<div class=\"elementor-widget-wrap elementor-element-populated\">\n\t\t\t\t\t\t<div class=\"elementor-element elementor-element-70f6f23 elementor-widget elementor-widget-image\" data-id=\"70f6f23\" data-element_type=\"widget\" data-e-type=\"widget\" data-widget_type=\"image.default\">\n\t\t\t\t<div class=\"elementor-widget-container\">\n\t\t\t\t\t\t\t\t\t\t\t\t\t\t\t<img fetchpriority=\"high\" decoding=\"async\" width=\"768\" height=\"736\" src=\"https:\/\/usmediaconsulting.com\/wp-content\/uploads\/2025\/12\/la-1.png\" class=\"attachment-medium_large size-medium_large wp-image-33445\" alt=\"\" srcset=\"https:\/\/usmediaconsulting.com\/wp-content\/uploads\/2025\/12\/la-1.png 1035w, https:\/\/usmediaconsulting.com\/wp-content\/uploads\/2025\/12\/la-1-300x288.png 300w, https:\/\/usmediaconsulting.com\/wp-content\/uploads\/2025\/12\/la-1-1024x981.png 1024w\" sizes=\"(max-width: 768px) 100vw, 768px\" \/>\t\t\t\t\t\t\t\t\t\t\t\t\t\t\t<\/div>\n\t\t\t\t<\/div>\n\t\t\t\t\t<\/div>\n\t\t<\/div>\n\t\t\t\t<div class=\"elementor-column elementor-col-50 elementor-inner-column elementor-element elementor-element-c040359\" data-id=\"c040359\" data-element_type=\"column\" data-e-type=\"column\">\n\t\t\t<div class=\"elementor-widget-wrap elementor-element-populated\">\n\t\t\t\t\t\t<div class=\"elementor-element elementor-element-fc64c84 elementor-invisible elementor-widget elementor-widget-heading\" data-id=\"fc64c84\" data-element_type=\"widget\" data-e-type=\"widget\" data-settings=\"{&quot;_animation&quot;:&quot;fadeInUp&quot;,&quot;_animation_delay&quot;:500}\" data-widget_type=\"heading.default\">\n\t\t\t\t<div class=\"elementor-widget-container\">\n\t\t\t\t\t<h2 class=\"elementor-heading-title elementor-size-default\">OFICinaS:<\/h2>\t\t\t\t<\/div>\n\t\t\t\t<\/div>\n\t\t\t\t<div class=\"elementor-element elementor-element-0504dfc elementor-widget__width-initial elementor-invisible elementor-widget elementor-widget-text-editor\" data-id=\"0504dfc\" data-element_type=\"widget\" data-e-type=\"widget\" data-settings=\"{&quot;_animation&quot;:&quot;fadeInUp&quot;,&quot;_animation_delay&quot;:500}\" data-widget_type=\"text-editor.default\">\n\t\t\t\t<div class=\"elementor-widget-container\">\n\t\t\t\t\t\t\t\t\t<p><span style=\"color: var( --e-global-color-860b853 ); background-color: var( --e-global-color-text );\"><strong><span style=\"text-decoration: underline;\">Argentina:<\/span><\/strong> Juana Azurduy 2440 PB, C1449, <\/span><span style=\"color: var( --e-global-color-860b853 ); background-color: var( --e-global-color-text );\">Cdad. Aut\u00f3noma de Buenos Aires, CP 1414<\/span><\/p><p>\u00a0<\/p><p><span style=\"color: var( --e-global-color-860b853 ); background-color: var( --e-global-color-text );\"><span style=\"text-decoration: underline;\"><strong>Brazil:<\/strong><\/span> Rua Claudio Soares. 72 &#8211; Conj 914 &#8211; Pinheiros \/ CEP 05422-030 &#8211; S\u00e3o Paulo<\/span><\/p><p>\u00a0<\/p><p><span style=\"text-decoration: underline;\"><strong>Colombia:<\/strong><\/span> Art Work: Calle 86A Bis # 15-31<\/p><p>\u00a0<\/p><p><span style=\"text-decoration: underline;\"><strong>Mexico:<\/strong><\/span> Av. Ej\u00e9rcito Nacional Mexicano 418,<span style=\"color: var( --e-global-color-860b853 ); background-color: var( --e-global-color-text );\"> Piso 2, Polanco, Polanco V Secc, <\/span><span style=\"color: var( --e-global-color-860b853 ); background-color: var( --e-global-color-text );\">Miguel Hidalgo, 11560 Ciudad de M\u00e9xico<\/span><\/p><p>\u00a0<\/p><p><span style=\"text-decoration: underline;\"><strong>USA\/Miami:<\/strong><\/span> <span data-sheets-root=\"1\">16850 Collins Ave, STE 112-670<\/span><span data-sheets-root=\"1\"> <br \/>Sunny Isles Beach, <\/span>FL 33160<\/p><p>\u00a0<\/p><p><span style=\"text-decoration: underline;\"><strong>Chile:<\/strong><\/span> Mardoqueo Fern\u00e1ndez 101, Depto: 303<span data-sheets-root=\"1\"><br \/>Zip Code: 7510700 &#8211; Providencia, Regi\u00f3n<br \/>Metropolitana, Chile<\/span><\/p>\t\t\t\t\t\t\t\t<\/div>\n\t\t\t\t<\/div>\n\t\t\t\t\t<\/div>\n\t\t<\/div>\n\t\t\t\t\t<\/div>\n\t\t<\/section>\n\t\t\t\t<div class=\"elementor-element elementor-element-80ebc29 elementor-widget elementor-widget-spacer\" data-id=\"80ebc29\" data-element_type=\"widget\" data-e-type=\"widget\" data-widget_type=\"spacer.default\">\n\t\t\t\t<div class=\"elementor-widget-container\">\n\t\t\t\t\t\t\t<div class=\"elementor-spacer\">\n\t\t\t<div class=\"elementor-spacer-inner\"><\/div>\n\t\t<\/div>\n\t\t\t\t\t\t<\/div>\n\t\t\t\t<\/div>\n\t\t\t\t<div class=\"elementor-element elementor-element-fff057a elementor-widget__width-initial elementor-invisible elementor-widget elementor-widget-shortcode\" data-id=\"fff057a\" data-element_type=\"widget\" data-e-type=\"widget\" id=\"form-contact-us\" data-settings=\"{&quot;_animation&quot;:&quot;fadeIn&quot;,&quot;_animation_delay&quot;:500}\" data-widget_type=\"shortcode.default\">\n\t\t\t\t<div class=\"elementor-widget-container\">\n\t\t\t\t\t\t\t<div class=\"elementor-shortcode\"><script>\nvar gform;gform||(document.addEventListener(\"gform_main_scripts_loaded\",function(){gform.scriptsLoaded=!0}),document.addEventListener(\"gform\/theme\/scripts_loaded\",function(){gform.themeScriptsLoaded=!0}),window.addEventListener(\"DOMContentLoaded\",function(){gform.domLoaded=!0}),gform={domLoaded:!1,scriptsLoaded:!1,themeScriptsLoaded:!1,isFormEditor:()=>\"function\"==typeof InitializeEditor,callIfLoaded:function(o){return!(!gform.domLoaded||!gform.scriptsLoaded||!gform.themeScriptsLoaded&&!gform.isFormEditor()||(gform.isFormEditor()&&console.warn(\"The use of gform.initializeOnLoaded() is deprecated in the form editor context and will be removed in Gravity Forms 3.1.\"),o(),0))},initializeOnLoaded:function(o){gform.callIfLoaded(o)||(document.addEventListener(\"gform_main_scripts_loaded\",()=>{gform.scriptsLoaded=!0,gform.callIfLoaded(o)}),document.addEventListener(\"gform\/theme\/scripts_loaded\",()=>{gform.themeScriptsLoaded=!0,gform.callIfLoaded(o)}),window.addEventListener(\"DOMContentLoaded\",()=>{gform.domLoaded=!0,gform.callIfLoaded(o)}))},hooks:{action:{},filter:{}},addAction:function(o,r,e,t){gform.addHook(\"action\",o,r,e,t)},addFilter:function(o,r,e,t){gform.addHook(\"filter\",o,r,e,t)},doAction:function(o){gform.doHook(\"action\",o,arguments)},applyFilters:function(o){return gform.doHook(\"filter\",o,arguments)},removeAction:function(o,r){gform.removeHook(\"action\",o,r)},removeFilter:function(o,r,e){gform.removeHook(\"filter\",o,r,e)},addHook:function(o,r,e,t,n){null==gform.hooks[o][r]&&(gform.hooks[o][r]=[]);var d=gform.hooks[o][r];null==n&&(n=r+\"_\"+d.length),gform.hooks[o][r].push({tag:n,callable:e,priority:t=null==t?10:t})},doHook:function(r,o,e){var t;if(e=Array.prototype.slice.call(e,1),null!=gform.hooks[r][o]&&((o=gform.hooks[r][o]).sort(function(o,r){return o.priority-r.priority}),o.forEach(function(o){\"function\"!=typeof(t=o.callable)&&(t=window[t]),\"action\"==r?t.apply(null,e):e[0]=t.apply(null,e)})),\"filter\"==r)return e[0]},removeHook:function(o,r,t,n){var e;null!=gform.hooks[o][r]&&(e=(e=gform.hooks[o][r]).filter(function(o,r,e){return!!(null!=n&&n!=o.tag||null!=t&&t!=o.priority)}),gform.hooks[o][r]=e)}});\n<\/script>\n\n                <div class='gf_browser_gecko gform_wrapper gravity-theme gform-theme--no-framework' data-form-theme='gravity-theme' data-form-index='0' id='gform_wrapper_3' >\n                        <div class='gform_heading'>\n                            <h2 class=\"gform_title\">Cont\u00e1ctenos<\/h2>\n                            <p class='gform_description'>Conecta tu marca con tu audiencia en las Am\u00e9ricas<\/p>\n                        <\/div><form method='post' enctype='multipart\/form-data'  id='gform_3'  action='\/es\/wp-json\/wp\/v2\/pages\/8783' data-formid='3' novalidate><div class='gf_invisible ginput_recaptchav3'  data-tabindex='0'><input id=\"input_bfdac43ce5b88fb280a46e2b292cbf67\" class=\"gfield_recaptcha_response\" type=\"hidden\" name=\"input_bfdac43ce5b88fb280a46e2b292cbf67\" value=\"\"\/><\/div>\n                        <div class='gform-body gform_body'><div id='gform_fields_3' class='gform_fields top_label form_sublabel_below description_below validation_below'><div id=\"field_3_21\" class=\"gfield gfield--type-honeypot gform_validation_container field_sublabel_below gfield--has-description field_description_below field_validation_below gfield_visibility_visible\"  ><label class='gfield_label gform-field-label' for='input_3_21'>Phone<\/label><div class='ginput_container'><input name='input_21' id='input_3_21' type='text' value='' autocomplete='new-password'\/><\/div><div class='gfield_description' id='gfield_description_3_21'>Este campo es un campo de validaci\u00f3n y debe quedar sin cambios.<\/div><\/div><div id=\"field_3_1\" class=\"gfield gfield--type-text gfield--input-type-text gfield--width-third gfield_contains_required field_sublabel_below gfield--no-description field_description_below hidden_label field_validation_below gfield_visibility_visible\"  ><label class='gfield_label gform-field-label' for='input_3_1'>Nombre<span class=\"gfield_required\"><span class=\"gfield_required gfield_required_text\">(Obligatorio)<\/span><\/span><\/label><div class='ginput_container ginput_container_text'><input name='input_1' id='input_3_1' type='text' value='' class='large'    placeholder='Nombre Completo *' aria-required=\"true\" aria-invalid=\"false\"   \/><\/div><\/div><div id=\"field_3_5\" class=\"gfield gfield--type-email gfield--input-type-email gfield--width-third gfield_contains_required field_sublabel_below gfield--no-description field_description_below hidden_label field_validation_below gfield_visibility_visible\"  ><label class='gfield_label gform-field-label' for='input_3_5'>Email<span class=\"gfield_required\"><span class=\"gfield_required gfield_required_text\">(Obligatorio)<\/span><\/span><\/label><div class='ginput_container ginput_container_email'>\n                            <input name='input_5' id='input_3_5' type='email' value='' class='large'   placeholder='Correo de la empresa *' aria-required=\"true\" aria-invalid=\"false\"  \/>\n                        <\/div><\/div><div id=\"field_3_10\" class=\"gfield gfield--type-text gfield--input-type-text gfield--width-third gfield_contains_required field_sublabel_below gfield--no-description field_description_below hidden_label field_validation_below gfield_visibility_visible\"  ><label class='gfield_label gform-field-label' for='input_3_10'>Puesto *<span class=\"gfield_required\"><span class=\"gfield_required gfield_required_text\">(Obligatorio)<\/span><\/span><\/label><div class='ginput_container ginput_container_text'><input name='input_10' id='input_3_10' type='text' value='' class='large'    placeholder='Puesto *' aria-required=\"true\" aria-invalid=\"false\"   \/><\/div><\/div><div id=\"field_3_12\" class=\"gfield gfield--type-phone gfield--input-type-phone gfield--width-half gfield_contains_required field_sublabel_below gfield--no-description field_description_below hidden_label field_validation_below gfield_visibility_visible\"  ><label class='gfield_label gform-field-label' for='input_3_12'>Tel\u00e9fono<span class=\"gfield_required\"><span class=\"gfield_required gfield_required_text\">(Obligatorio)<\/span><\/span><\/label><div class='ginput_container ginput_container_phone'><input name='input_12' id='input_3_12' type='tel' value='' class='large'  placeholder='N\u00famero de tel\u00e9fono (especifique el c\u00f3digo del pa\u00eds)' aria-required=\"true\" aria-invalid=\"false\"   \/><\/div><\/div><div id=\"field_3_14\" class=\"gfield gfield--type-text gfield--input-type-text gfield--width-half field_sublabel_below gfield--no-description field_description_below hidden_label field_validation_below gfield_visibility_visible\"  ><label class='gfield_label gform-field-label' for='input_3_14'>Pa\u00eds<\/label><div class='ginput_container ginput_container_text'><input name='input_14' id='input_3_14' type='text' value='' class='large'    placeholder='Pa\u00eds'  aria-invalid=\"false\"   \/><\/div><\/div><div id=\"field_3_19\" class=\"gfield gfield--type-textarea gfield--input-type-textarea gfield--width-full field_sublabel_below gfield--no-description field_description_below field_validation_below gfield_visibility_visible\"  ><label class='gfield_label gform-field-label screen-reader-text' for='input_3_19'>Mensaje<\/label><div class='ginput_container ginput_container_textarea'><textarea name='input_19' id='input_3_19' class='textarea large'    placeholder='Mensaje'  aria-invalid=\"false\"   rows='10' cols='50'><\/textarea><\/div><\/div><fieldset id=\"field_3_18\" class=\"gfield gfield--type-radio gfield--type-choice gfield--input-type-radio gfield--width-full form-contact-agree gfield_contains_required field_sublabel_below gfield--no-description field_description_below hidden_label field_validation_below gfield_visibility_visible\"  ><legend class='gfield_label gform-field-label' >Acepto recibir comunicaciones. (Requerido)<span class=\"gfield_required\"><span class=\"gfield_required gfield_required_text\">(Obligatorio)<\/span><\/span><\/legend><div class='ginput_container ginput_container_radio'><div class='gfield_radio' id='input_3_18'>\n\t\t\t<div class='gchoice gchoice_3_18_0'>\n\t\t\t\t\t<input class='gfield-choice-input' name='input_18' type='radio' value='Acepto recibir comunicaciones. (Requerido)'  id='choice_3_18_0' onchange='gformToggleRadioOther( this )'    \/>\n\t\t\t\t\t<label for='choice_3_18_0' id='label_3_18_0' class='gform-field-label gform-field-label--type-inline'>Acepto recibir comunicaciones. (Requerido)<\/label>\n\t\t\t<\/div><\/div><\/div><\/fieldset><div id=\"field_3_20\" class=\"gfield gfield--type-turnstile gfield--input-type-turnstile gfield--width-full field_sublabel_below gfield--no-description field_description_below field_validation_below gfield_visibility_visible\"  ><div class='ginput_container ginput_container_turnstile'><div class=\"cf-turnstile\" id=\"cf-turnstile_3\" data-js-turnstile data-response-field-name=\"cf-turnstile-response_3\" data-theme=\"auto\" data-size=\"\" data-sitekey=\"0x4AAAAAACGYfMRZdsUtevwv\"><\/div><\/div><\/div><div id=\"field_3_17\" class=\"gfield gfield--type-html gfield--input-type-html gfield--width-full gfield_html gfield_html_formatted gfield_no_follows_desc field_sublabel_below gfield--no-description field_description_below field_validation_below gfield_visibility_visible\"  >US Media se compromete a proteger y respetar su privacidad, solo utilizaremos sus datos con fines de marketing. Puede cambiar sus preferencias en cualquier momento.\n\n<script>\ndocument.getElementById('gform_3').addEventListener('submit', function(event) {\n  \/\/ Impede o envio do formul\u00e1rio para evitar que a p\u00e1gina seja recarregada\n  event.preventDefault();\n\n  \/\/ Obt\u00e9m o valor do campo de e-mail\n  const emailInput = document.getElementById('input_3_5');\n  const email = emailInput.value.trim();\n\n  \/\/ Verifica se o endere\u00e7o de e-mail \u00e9 do Gmail\n  if (email.endsWith('@gmail.com')) {\n    alert('Endere\u00e7o de e-mail do Gmail n\u00e3o \u00e9 permitido.');\nemailInput.value = '';\nemailInput.select();\n  } else  if (email.endsWith('@hotmail.com')) {\n    alert('Endere\u00e7o de e-mail do hotmail n\u00e3o \u00e9 permitido.');\nemailInput.value = '';\nemailInput.select();\n} else  if (email.endsWith('@yahoo.com.br')) {\n    alert('Endere\u00e7o de e-mail do yahoo n\u00e3o \u00e9 permitido.');\nemailInput.value = '';\nemailInput.select();\n}  else {\n    \/\/ Envie o formul\u00e1rio ou realize outras a\u00e7\u00f5es\n    alert('Formul\u00e1rio enviado com sucesso!');\n    this.submit(); \/\/ Se voc\u00ea quiser enviar o formul\u00e1rio normalmente\n  }\n});\n<\/script>\n<\/div><\/div><\/div>\n        <div class='gform-footer gform_footer top_label'> <input type='submit' id='gform_submit_button_3' class='gform_button button' onclick='gform.submission.handleButtonClick(this);' data-submission-type='submit' value='ENVIAR'  \/> \n            <input type='hidden' class='gform_hidden' name='gform_submission_method' data-js='gform_submission_method_3' value='postback' \/>\n            <input type='hidden' class='gform_hidden' name='gform_theme' data-js='gform_theme_3' id='gform_theme_3' value='gravity-theme' \/>\n            <input type='hidden' class='gform_hidden' name='gform_style_settings' data-js='gform_style_settings_3' id='gform_style_settings_3' value='[]' \/>\n            <input type='hidden' class='gform_hidden' name='is_submit_3' value='1' \/>\n            <input type='hidden' class='gform_hidden' name='gform_submit' value='3' \/>\n            \n            <input type='hidden' class='gform_hidden' name='gform_currency' data-currency='BRL' value='kwOdUm5+7yAdA2xarta0XRJ3+jixUqH6iPwmGcZD7zJJXEZdCN\/\/rrU40ZiRJC5VaXyHaKKZy8+OyzFiq1U2fbIXgesPVSqXPqNUYuzuhYKsYXQ=' \/>\n            <input type='hidden' class='gform_hidden' name='gform_unique_id' value='' \/>\n            <input type='hidden' class='gform_hidden' name='state_3' value='WyJ7XCIxOFwiOltcIjYyZDUwYjc3MTZiOGQ5YmQxMGI1MGE2NzI3OTUzNDQ0XCJdfSIsImM3NjRiODIwN2ZmZTY2NzgyZTIzYzdlMzM3ODJkZDY4Il0=' \/>\n            <input type='hidden' autocomplete='off' class='gform_hidden' name='gform_target_page_number_3' id='gform_target_page_number_3' value='0' \/>\n            <input type='hidden' autocomplete='off' class='gform_hidden' name='gform_source_page_number_3' id='gform_source_page_number_3' value='1' \/>\n            <input type='hidden' name='gform_field_values' value='' \/>\n            \n        <\/div>\n                        <\/form>\n                        <\/div><script>\ngform.initializeOnLoaded( function() {gformInitSpinner( 3, 'https:\/\/usmediaconsulting.com\/wp-content\/plugins\/gravityforms\/images\/spinner.svg', true );jQuery('#gform_ajax_frame_3').on('load',function(){var contents = jQuery(this).contents().find('*').html();var is_postback = contents.indexOf('GF_AJAX_POSTBACK') >= 0;if(!is_postback){return;}var form_content = jQuery(this).contents().find('#gform_wrapper_3');var is_confirmation = jQuery(this).contents().find('#gform_confirmation_wrapper_3').length > 0;var is_redirect = contents.indexOf('gformRedirect(){') >= 0;var is_form = form_content.length > 0 && ! is_redirect && ! is_confirmation;var mt = parseInt(jQuery('html').css('margin-top'), 10) + parseInt(jQuery('body').css('margin-top'), 10) + 100;if(is_form){jQuery('#gform_wrapper_3').html(form_content.html());if(form_content.hasClass('gform_validation_error')){jQuery('#gform_wrapper_3').addClass('gform_validation_error');} else {jQuery('#gform_wrapper_3').removeClass('gform_validation_error');}setTimeout( function() { \/* delay the scroll by 50 milliseconds to fix a bug in chrome *\/  }, 50 );if(window['gformInitDatepicker']) {gformInitDatepicker();}if(window['gformInitPriceFields']) {gformInitPriceFields();}var current_page = jQuery('#gform_source_page_number_3').val();gformInitSpinner( 3, 'https:\/\/usmediaconsulting.com\/wp-content\/plugins\/gravityforms\/images\/spinner.svg', true );jQuery(document).trigger('gform_page_loaded', [3, current_page]);window['gf_submitting_3'] = false;}else if(!is_redirect){var confirmation_content = jQuery(this).contents().find('.GF_AJAX_POSTBACK').html();if(!confirmation_content){confirmation_content = contents;}jQuery('#gform_wrapper_3').replaceWith(confirmation_content);jQuery(document).trigger('gform_confirmation_loaded', [3]);window['gf_submitting_3'] = false;wp.a11y.speak(jQuery('#gform_confirmation_message_3').text());}else{jQuery('#gform_3').append(contents);if(window['gformRedirect']) {gformRedirect();}}jQuery(document).trigger(\"gform_pre_post_render\", [{ formId: \"3\", currentPage: \"current_page\", abort: function() { this.preventDefault(); } }]);        if (event && event.defaultPrevented) {                return;        }        const gformWrapperDiv = document.getElementById( \"gform_wrapper_3\" );        if ( gformWrapperDiv ) {            const visibilitySpan = document.createElement( \"span\" );            visibilitySpan.id = \"gform_visibility_test_3\";            gformWrapperDiv.insertAdjacentElement( \"afterend\", visibilitySpan );        }        const visibilityTestDiv = document.getElementById( \"gform_visibility_test_3\" );        let postRenderFired = false;        function triggerPostRender() {            if ( postRenderFired ) {                return;            }            postRenderFired = true;            gform.core.triggerPostRenderEvents( 3, current_page );            if ( visibilityTestDiv ) {                visibilityTestDiv.parentNode.removeChild( visibilityTestDiv );            }        }        function debounce( func, wait, immediate ) {            var timeout;            return function() {                var context = this, args = arguments;                var later = function() {                    timeout = null;                    if ( !immediate ) func.apply( context, args );                };                var callNow = immediate && !timeout;                clearTimeout( timeout );                timeout = setTimeout( later, wait );                if ( callNow ) func.apply( context, args );            };        }        const debouncedTriggerPostRender = debounce( function() {            triggerPostRender();        }, 200 );        if ( visibilityTestDiv && visibilityTestDiv.offsetParent === null ) {            const observer = new MutationObserver( ( mutations ) => {                mutations.forEach( ( mutation ) => {                    if ( mutation.type === 'attributes' && visibilityTestDiv.offsetParent !== null ) {                        debouncedTriggerPostRender();                        observer.disconnect();                    }                });            });            observer.observe( document.body, {                attributes: true,                childList: false,                subtree: true,                attributeFilter: [ 'style', 'class' ],            });        } else {            triggerPostRender();        }    } );} );\n<\/script>\n<\/div>\n\t\t\t\t\t\t<\/div>\n\t\t\t\t<\/div>\n\t\t\t\t\t<\/div>\n\t\t<\/div>\n\t\t\t\t\t<\/div>\n\t\t<\/section>\n\t\t\t\t<\/div>\n\t\t","protected":false},"excerpt":{"rendered":"<p>OFICinaS: Argentina: Juana Azurduy 2440 PB, C1449, Cdad. Aut\u00f3noma de Buenos Aires, CP 1414 \u00a0 Brazil: Rua Claudio Soares. 72 &#8211; Conj 914 &#8211; Pinheiros \/ CEP 05422-030 &#8211; S\u00e3o Paulo \u00a0 Colombia: Art Work: Calle 86A Bis # 15-31 \u00a0 Mexico: Av. Ej\u00e9rcito Nacional Mexicano 418, Piso 2, Polanco, Polanco V Secc, Miguel Hidalgo, <a href=\"https:\/\/usmediaconsulting.com\/es\/contacto\/\" class=\"more-link\">&#8230;<span class=\"screen-reader-text\">  CONTACTO<\/span><\/a><\/p>\n","protected":false},"author":1,"featured_media":0,"parent":0,"menu_order":0,"comment_status":"closed","ping_status":"closed","template":"","meta":{"_acf_changed":false,"footnotes":"","_links_to":"","_links_to_target":""},"class_list":["post-8783","page","type-page","status-publish","hentry"],"acf":[],"_links":{"self":[{"href":"https:\/\/usmediaconsulting.com\/es\/wp-json\/wp\/v2\/pages\/8783","targetHints":{"allow":["GET"]}}],"collection":[{"href":"https:\/\/usmediaconsulting.com\/es\/wp-json\/wp\/v2\/pages"}],"about":[{"href":"https:\/\/usmediaconsulting.com\/es\/wp-json\/wp\/v2\/types\/page"}],"author":[{"embeddable":true,"href":"https:\/\/usmediaconsulting.com\/es\/wp-json\/wp\/v2\/users\/1"}],"replies":[{"embeddable":true,"href":"https:\/\/usmediaconsulting.com\/es\/wp-json\/wp\/v2\/comments?post=8783"}],"version-history":[{"count":9,"href":"https:\/\/usmediaconsulting.com\/es\/wp-json\/wp\/v2\/pages\/8783\/revisions"}],"predecessor-version":[{"id":35886,"href":"https:\/\/usmediaconsulting.com\/es\/wp-json\/wp\/v2\/pages\/8783\/revisions\/35886"}],"wp:attachment":[{"href":"https:\/\/usmediaconsulting.com\/es\/wp-json\/wp\/v2\/media?parent=8783"}],"curies":[{"name":"wp","href":"https:\/\/api.w.org\/{rel}","templated":true}]}}